{"id":14,"date":"2020-10-22T10:00:27","date_gmt":"2020-10-22T10:00:27","guid":{"rendered":"https:\/\/learn.seafoami.com\/all-courses\/"},"modified":"2024-02-14T15:44:48","modified_gmt":"2024-02-14T21:44:48","slug":"all-courses","status":"publish","type":"page","link":"https:\/\/learn.seafoami.com\/fr\/","title":{"rendered":"Accueil"},"content":{"rendered":"<div class=\"wp-block-columns alignfull has-ast-global-color-4-background-color has-background is-layout-flex wp-container-core-columns-is-layout-9ebc5bfc wp-block-columns-is-layout-flex\" style=\"margin-top:0px;margin-bottom:0px;padding-top:0px;padding-right:0px;padding-bottom:0px;padding-left:0px\">\n<div class=\"wp-block-column has-ast-global-color-4-background-color has-background is-layout-flow wp-block-column-is-layout-flow\" style=\"border-style:none;border-width:0px;padding-top:0px;padding-right:0px;padding-bottom:0px;padding-left:0px\">\n<div class=\"wp-block-uagb-container uagb-block-26d5ab77 alignfull uagb-is-root-container\"><div class=\"uagb-container-inner-blocks-wrap\">\n<div style=\"height:60px\" aria-hidden=\"true\" class=\"wp-block-spacer\"><\/div>\n\n\n\n<div class=\"wp-block-uagb-advanced-heading uagb-block-e71bf733\"><h1 class=\"uagb-heading-text\">CENTRE D'APPRENTISSAGE<\/h1><p class=\"uagb-desc-text\">D\u00e9couvrez la gamme compl\u00e8te de cours de Sea Foam International, con\u00e7us pour vous permettre d'acqu\u00e9rir des connaissances approfondies sur nos produits et leurs applications.<\/p><\/div>\n<\/div><\/div>\n<\/div>\n<\/div>\n\n\n\n<div class=\"wp-block-uagb-container uagb-block-22a17aa5 alignfull uagb-is-root-container\"><div class=\"uagb-container-inner-blocks-wrap\">\n<div class=\"wp-block-uagb-container uagb-block-77f1aa9c\">\n<div class=\"wp-block-uagb-advanced-heading uagb-block-f2fb8be2\"><h6 class=\"uagb-heading-text\">Sea Foam International<\/h6><\/div>\n\n\n\n<div class=\"wp-block-uagb-advanced-heading uagb-block-8a3c56dd\"><h2 class=\"uagb-heading-text\">Cours populaires<\/h2><\/div>\n<\/div>\n\n\n\n<div class=\"wp-block-uagb-container uagb-block-7d99b07a\">\n<div class=\"wp-block-uagb-advanced-heading uagb-block-85e20a85\"><p class=\"uagb-desc-text\">D\u00e9couvrez les connaissances essentielles sur les produits gr\u00e2ce \u00e0 nos cours populaires, con\u00e7us pour les repr\u00e9sentants commerciaux et les partenaires de vente au d\u00e9tail, qui vous permettront d'exceller dans la promotion de notre gamme de produits d'additifs pour carburants de pointe.<\/p><\/div>\n<\/div>\n<\/div><\/div>\n\n\n\n<div class=\"wp-block-uagb-container uagb-block-73ccfaca alignfull uagb-is-root-container\"><div class=\"uagb-container-inner-blocks-wrap\">\n<div style=\"height:35px\" aria-hidden=\"true\" class=\"wp-block-spacer\"><\/div>\n\n\n\n<h3 class=\"wp-block-heading\">Sea Foam Enterprises<\/h3>\n\n\n<div class=\"learndash-wrap\"><div id=\"ld-course-list-content-0333421f027030827e144610a9124659\" class=\"ld-course-list-content\" data-shortcode-atts=\"{&quot;orderby&quot;:&quot;date&quot;,&quot;course_category_name&quot;:&quot;sea-foam-enterprises&quot;,&quot;course_grid&quot;:&quot;true&quot;}\">\n\t\t\t<div class=\"ld-course-list-items row\">\n\t<!-- LearnDash Course Grid v1 --><div class=\"ld_course_grid col-sm-8 col-md-4\">\n\t<article id=\"post-26985\" class=\"thumbnail course post-26985 sfwd-courses type-sfwd-courses status-publish has-post-thumbnail hentry ld_course_category-sea-foam-enterprises\">\n\t\t\t\t\t\t\t\t<div class=\"ribbon\">\n\t\t\t\tGratuit\t\t\t<\/div>\n\t\t\t\n\t\t\t\t\t\t<a\n\t\t\t\taria-hidden=\"true\"\n\t\t\t\thref=\"https:\/\/learn.seafoami.com\/fr\/courses\/our-history\/\"\n\t\t\t\ttabindex=\"-1\"\n\t\t\t>\n\t\t\t\t<img loading=\"lazy\" decoding=\"async\" width=\"500\" height=\"281\" src=\"https:\/\/learn.seafoami.com\/wp-content\/uploads\/2024\/01\/Original-Sea-Foam-Can-500x281.jpg\" class=\"attachment-medium size-medium wp-post-image\" alt=\"Our History\" srcset=\"https:\/\/learn.seafoami.com\/wp-content\/uploads\/2024\/01\/Original-Sea-Foam-Can-500x281.jpg 500w, https:\/\/learn.seafoami.com\/wp-content\/uploads\/2024\/01\/Original-Sea-Foam-Can-1440x810.jpg 1440w, https:\/\/learn.seafoami.com\/wp-content\/uploads\/2024\/01\/Original-Sea-Foam-Can-768x432.jpg 768w, https:\/\/learn.seafoami.com\/wp-content\/uploads\/2024\/01\/Original-Sea-Foam-Can-1536x864.jpg 1536w, https:\/\/learn.seafoami.com\/wp-content\/uploads\/2024\/01\/Original-Sea-Foam-Can.jpg 1920w\" sizes=\"auto, (max-width: 500px) 100vw, 500px\" \/>\t\t\t<\/a>\n\t\t\t\t\t\n\t\t\t\t\t<div class=\"caption\">\n\t\t\t\t<h3 class=\"entry-title\">Notre histoire<\/h3>\n\t\t\t\t\t\t\t\t<div class=\"entry-content\"><p>Dans ce cours, nous nous pencherons sur l'histoire de Sea Foam, en retra\u00e7ant ses origines, et nous nous pencherons sur les valeurs originales qui contribuent au succ\u00e8s de l'entreprise.<\/p>\n<\/div>\n\t\t\t\t\t\t\t\t<div class=\"ld_course_grid_button\">\n\t\t\t\t\t<a\n\t\t\t\t\t\taria-label=\"Enroll Now: Our History\"\n\t\t\t\t\t\tclass=\"btn btn-primary\"\n\t\t\t\t\t\thref=\"https:\/\/learn.seafoami.com\/fr\/courses\/our-history\/\"\n\t\t\t\t\t>\n\t\t\t\t\t\tS'inscrire maintenant\t\t\t\t\t<\/a>\n\t\t\t\t<\/div>\n\t\t\t\t\t\t\t<\/div><!-- .entry-header -->\n\t\t\t<\/article><!-- #post-## -->\n<\/div><!-- .ld_course_grid -->\n<!-- LearnDash Course Grid v1 --><div class=\"ld_course_grid col-sm-8 col-md-4\">\n\t<article id=\"post-338\" class=\"thumbnail course post-338 sfwd-courses type-sfwd-courses status-publish has-post-thumbnail hentry ld_course_category-sea-foam-enterprises\">\n\t\t\t\t\t\t\t\t<div class=\"ribbon\">\n\t\t\t\tGratuit\t\t\t<\/div>\n\t\t\t\n\t\t\t\t\t\t<a\n\t\t\t\taria-hidden=\"true\"\n\t\t\t\thref=\"https:\/\/learn.seafoami.com\/fr\/courses\/our-company\/\"\n\t\t\t\ttabindex=\"-1\"\n\t\t\t>\n\t\t\t\t<img loading=\"lazy\" decoding=\"async\" width=\"500\" height=\"281\" src=\"https:\/\/learn.seafoami.com\/wp-content\/uploads\/2020\/04\/Sea-Foam-Feature-Image-01-500x281.jpg\" class=\"attachment-medium size-medium wp-post-image\" alt=\"Our Company\" srcset=\"https:\/\/learn.seafoami.com\/wp-content\/uploads\/2020\/04\/Sea-Foam-Feature-Image-01-500x281.jpg 500w, https:\/\/learn.seafoami.com\/wp-content\/uploads\/2020\/04\/Sea-Foam-Feature-Image-01-1440x810.jpg 1440w, https:\/\/learn.seafoami.com\/wp-content\/uploads\/2020\/04\/Sea-Foam-Feature-Image-01-768x432.jpg 768w, https:\/\/learn.seafoami.com\/wp-content\/uploads\/2020\/04\/Sea-Foam-Feature-Image-01-1536x864.jpg 1536w, https:\/\/learn.seafoami.com\/wp-content\/uploads\/2020\/04\/Sea-Foam-Feature-Image-01-18x10.jpg 18w, https:\/\/learn.seafoami.com\/wp-content\/uploads\/2020\/04\/Sea-Foam-Feature-Image-01-160x90.jpg 160w, https:\/\/learn.seafoami.com\/wp-content\/uploads\/2020\/04\/Sea-Foam-Feature-Image-01.jpg 1921w\" sizes=\"auto, (max-width: 500px) 100vw, 500px\" \/>\t\t\t<\/a>\n\t\t\t\t\t\n\t\t\t\t\t<div class=\"caption\">\n\t\t\t\t<h3 class=\"entry-title\">Notre entreprise<\/h3>\n\t\t\t\t\t\t\t\t<div class=\"entry-content\"><p>Dans ce cours, nous nous pencherons sur l'identification des branches distinctes, des valeurs fondamentales et des caract\u00e9ristiques d\u00e9mographiques des clients cibles. <\/p>\n<\/div>\n\t\t\t\t\t\t\t\t<div class=\"ld_course_grid_button\">\n\t\t\t\t\t<a\n\t\t\t\t\t\taria-label=\"Enroll Now: Our Company\"\n\t\t\t\t\t\tclass=\"btn btn-primary\"\n\t\t\t\t\t\thref=\"https:\/\/learn.seafoami.com\/fr\/courses\/our-company\/\"\n\t\t\t\t\t>\n\t\t\t\t\t\tS'inscrire maintenant\t\t\t\t\t<\/a>\n\t\t\t\t<\/div>\n\t\t\t\t\t\t\t<\/div><!-- .entry-header -->\n\t\t\t<\/article><!-- #post-## -->\n<\/div><!-- .ld_course_grid -->\n<!-- LearnDash Course Grid v1 --><div class=\"ld_course_grid col-sm-8 col-md-4\">\n\t<article id=\"post-366\" class=\"thumbnail course post-366 sfwd-courses type-sfwd-courses status-publish has-post-thumbnail hentry ld_course_category-sea-foam-enterprises\">\n\t\t\t\t\t\t\t\t<div class=\"ribbon\">\n\t\t\t\tGratuit\t\t\t<\/div>\n\t\t\t\n\t\t\t\t\t\t<a\n\t\t\t\taria-hidden=\"true\"\n\t\t\t\thref=\"https:\/\/learn.seafoami.com\/fr\/courses\/sea-foam-products\/\"\n\t\t\t\ttabindex=\"-1\"\n\t\t\t>\n\t\t\t\t<img loading=\"lazy\" decoding=\"async\" width=\"500\" height=\"275\" src=\"https:\/\/learn.seafoami.com\/wp-content\/uploads\/2020\/04\/Sea-Foam-Product-Lineup-Feature-Image-500x275.jpg\" class=\"attachment-medium size-medium wp-post-image\" alt=\"Sea Foam Products\" srcset=\"https:\/\/learn.seafoami.com\/wp-content\/uploads\/2020\/04\/Sea-Foam-Product-Lineup-Feature-Image-500x275.jpg 500w, https:\/\/learn.seafoami.com\/wp-content\/uploads\/2020\/04\/Sea-Foam-Product-Lineup-Feature-Image-1440x792.jpg 1440w, https:\/\/learn.seafoami.com\/wp-content\/uploads\/2020\/04\/Sea-Foam-Product-Lineup-Feature-Image-768x422.jpg 768w, https:\/\/learn.seafoami.com\/wp-content\/uploads\/2020\/04\/Sea-Foam-Product-Lineup-Feature-Image-1536x845.jpg 1536w, https:\/\/learn.seafoami.com\/wp-content\/uploads\/2020\/04\/Sea-Foam-Product-Lineup-Feature-Image.jpg 1818w\" sizes=\"auto, (max-width: 500px) 100vw, 500px\" \/>\t\t\t<\/a>\n\t\t\t\t\t\n\t\t\t\t\t<div class=\"caption\">\n\t\t\t\t<h3 class=\"entry-title\">Produits en mousse de mer<\/h3>\n\t\t\t\t\t\t\t\t<div class=\"entry-content\"><p>Dans ce cours, nous vous pr\u00e9senterons chaque produit Sea Foam, en soulignant leurs principaux avantages, et nous vous fournirons des instructions d\u00e9taill\u00e9es pour des applications sp\u00e9cifiques. <\/p>\n<\/div>\n\t\t\t\t\t\t\t\t<div class=\"ld_course_grid_button\">\n\t\t\t\t\t<a\n\t\t\t\t\t\taria-label=\"Enroll Now: Sea Foam Products\"\n\t\t\t\t\t\tclass=\"btn btn-primary\"\n\t\t\t\t\t\thref=\"https:\/\/learn.seafoami.com\/fr\/courses\/sea-foam-products\/\"\n\t\t\t\t\t>\n\t\t\t\t\t\tS'inscrire maintenant\t\t\t\t\t<\/a>\n\t\t\t\t<\/div>\n\t\t\t\t\t\t\t<\/div><!-- .entry-header -->\n\t\t\t<\/article><!-- #post-## -->\n<\/div><!-- .ld_course_grid -->\n\t<\/div>\n\t\t\t<\/div>\n\t\t<\/div><\/div><\/div>","protected":false},"excerpt":{"rendered":"<p>LEARNING CENTER Explore Sea Foam International&#8217;s comprehensive range of courses, designed to empower you with in-depth knowledge about our products and their applications. Sea Foam International Popular Courses Unlock essential product knowledge with our popular courses, tailored for sales reps and retail partners, equipping you to excel in promoting our line of cutting-edge fuel additive [&hellip;]<\/p>\n","protected":false},"author":1,"featured_media":0,"parent":0,"menu_order":0,"comment_status":"closed","ping_status":"closed","template":"","meta":{"_acf_changed":false,"_uag_custom_page_level_css":"","site-sidebar-layout":"no-sidebar","site-content-layout":"plain-container","ast-site-content-layout":"normal-width-container","site-content-style":"unboxed","site-sidebar-style":"unboxed","ast-global-header-display":"","ast-banner-title-visibility":"","ast-main-header-display":"","ast-hfb-above-header-display":"","ast-hfb-below-header-display":"","ast-hfb-mobile-header-display":"","site-post-title":"disabled","ast-breadcrumbs-content":"disabled","ast-featured-img":"disabled","footer-sml-layout":"","ast-disable-related-posts":"","theme-transparent-header-meta":"enabled","adv-header-id-meta":"","stick-header-meta":"","header-above-stick-meta":"","header-main-stick-meta":"","header-below-stick-meta":"","astra-migrate-meta-layouts":"set","ast-page-background-enabled":"default","ast-page-background-meta":{"desktop":{"background-color":"","background-image":"","background-repeat":"repeat","background-position":"center center","background-size":"auto","background-attachment":"scroll","background-type":"","background-media":"","overlay-type":"","overlay-color":"","overlay-opacity":"","overlay-gradient":""},"tablet":{"background-color":"","background-image":"","background-repeat":"repeat","background-position":"center center","background-size":"auto","background-attachment":"scroll","background-type":"","background-media":"","overlay-type":"","overlay-color":"","overlay-opacity":"","overlay-gradient":""},"mobile":{"background-color":"","background-image":"","background-repeat":"repeat","background-position":"center center","background-size":"auto","background-attachment":"scroll","background-type":"","background-media":"","overlay-type":"","overlay-color":"","overlay-opacity":"","overlay-gradient":""}},"ast-content-background-meta":{"desktop":{"background-color":"var(--ast-global-color-5)","background-image":"","background-repeat":"repeat","background-position":"center center","background-size":"auto","background-attachment":"scroll","background-type":"","background-media":"","overlay-type":"","overlay-color":"","overlay-opacity":"","overlay-gradient":""},"tablet":{"background-color":"var(--ast-global-color-5)","background-image":"","background-repeat":"repeat","background-position":"center center","background-size":"auto","background-attachment":"scroll","background-type":"","background-media":"","overlay-type":"","overlay-color":"","overlay-opacity":"","overlay-gradient":""},"mobile":{"background-color":"var(--ast-global-color-5)","background-image":"","background-repeat":"repeat","background-position":"center center","background-size":"auto","background-attachment":"scroll","background-type":"","background-media":"","overlay-type":"","overlay-color":"","overlay-opacity":"","overlay-gradient":""}},"footnotes":""},"class_list":["post-14","page","type-page","status-publish","hentry"],"acf":[],"spectra_custom_meta":{"site-sidebar-layout":["no-sidebar"],"site-content-layout":["plain-container"],"theme-transparent-header-meta":["enabled"],"site-post-title":["disabled"],"ast-featured-img":["disabled"],"ast-breadcrumbs-content":["disabled"],"_yoast_wpseo_content_score":["90"],"dynamic_page":["1"],"astra-main-page-id":["48028"],"_yoast_wpseo_estimated-reading-time-minutes":["1"],"ast_ist_mapping":["O:8:\"stdClass\":0:{}"],"ast_self_id_48028":["1"],"_wxr_import_user_slug":["rishabhm"],"_astra_sites_imported_post":["1"],"_astra_sites_enable_for_batch":["1"],"_edit_lock":["1761070737:14"],"footnotes":[""],"_uag_custom_page_level_css":[""],"ast-site-content-layout":["normal-width-container"],"site-content-style":["unboxed"],"site-sidebar-style":["unboxed"],"adv-header-id-meta":[""],"stick-header-meta":[""],"astra-migrate-meta-layouts":["set"],"_edit_last":["1"],"_learndash_course_grid_short_description":[""],"_page":["a:2:{i:0;s:0:\"\";s:29:\"page_course_short_description\";s:0:\"\";}"],"_learndash_course_grid_duration":[""],"_learndash_course_grid_enable_video_preview":["0"],"_learndash_course_grid_video_embed_code":[""],"_learndash_course_grid_custom_button_text":[""],"_learndash_course_grid_custom_ribbon_text":[""],"asset":[""],"_asset":["field_65b3e101ab259"],"_uag_css_file_name":["uag-css-14.css"]},"uagb_featured_image_src":{"full":false,"thumbnail":false,"medium":false,"medium_large":false,"large":false,"1536x1536":false,"2048x2048":false,"trp-custom-language-flag":false},"uagb_author_info":{"display_name":"Dave","author_link":"https:\/\/learn.seafoami.com\/fr\/author\/dave\/"},"uagb_comment_info":0,"uagb_excerpt":"LEARNING CENTER Explore Sea Foam International&#8217;s comprehensive range of courses, designed to empower you with in-depth knowledge about our products and their applications. Sea Foam International Popular Courses Unlock essential product knowledge with our popular courses, tailored for sales reps and retail partners, equipping you to excel in promoting our line of cutting-edge fuel additive&hellip;","_links":{"self":[{"href":"https:\/\/learn.seafoami.com\/fr\/wp-json\/wp\/v2\/pages\/14","targetHints":{"allow":["GET"]}}],"collection":[{"href":"https:\/\/learn.seafoami.com\/fr\/wp-json\/wp\/v2\/pages"}],"about":[{"href":"https:\/\/learn.seafoami.com\/fr\/wp-json\/wp\/v2\/types\/page"}],"author":[{"embeddable":true,"href":"https:\/\/learn.seafoami.com\/fr\/wp-json\/wp\/v2\/users\/1"}],"replies":[{"embeddable":true,"href":"https:\/\/learn.seafoami.com\/fr\/wp-json\/wp\/v2\/comments?post=14"}],"version-history":[{"count":0,"href":"https:\/\/learn.seafoami.com\/fr\/wp-json\/wp\/v2\/pages\/14\/revisions"}],"wp:attachment":[{"href":"https:\/\/learn.seafoami.com\/fr\/wp-json\/wp\/v2\/media?parent=14"}],"curies":[{"name":"wp","href":"https:\/\/api.w.org\/{rel}","templated":true}]}}